{"id":675,"date":"2016-11-21T12:57:18","date_gmt":"2016-11-21T11:57:18","guid":{"rendered":"https:\/\/camp-sunset-primosten.com\/home\/"},"modified":"2026-05-05T12:14:29","modified_gmt":"2026-05-05T11:14:29","slug":"home","status":"publish","type":"page","link":"https:\/\/camp-sunset-primosten.com\/de\/","title":{"rendered":"Home"},"content":{"rendered":"<p>[et_pb_section fb_built=&#8220;1&#8243; fullwidth=&#8220;on&#8220; next_background_color=&#8220;#f4f4de&#8220; _builder_version=&#8220;4.20.0&#8243; _module_preset=&#8220;default&#8220; background_color=&#8220;#000000&#8243; top_divider_style=&#8220;wave2&#8243; top_divider_color=&#8220;#002f5e&#8220; top_divider_height=&#8220;29px&#8220; bottom_divider_style=&#8220;wave2&#8243; bottom_divider_height=&#8220;52px&#8220; global_colors_info=&#8220;{}&#8220;][et_pb_fullwidth_slider _builder_version=&#8220;4.20.0&#8243; _module_preset=&#8220;default&#8220; header_font=&#8220;Aguafina Script||||||||&#8220; header_letter_spacing=&#8220;3px&#8220; body_font_size=&#8220;25px&#8220; custom_padding=&#8220;149px||354px|||&#8220; auto=&#8220;on&#8220; auto_speed=&#8220;5000&#8243; header_font_size_tablet=&#8220;&#8220; header_font_size_phone=&#8220;41px&#8220; header_font_size_last_edited=&#8220;on|phone&#8220; body_font_size_tablet=&#8220;25px&#8220; body_font_size_phone=&#8220;23px&#8220; body_font_size_last_edited=&#8220;on|phone&#8220; header_text_shadow_style=&#8220;preset2&#8243; header_text_shadow_color=&#8220;#000000&#8243; text_shadow_style=&#8220;preset2&#8243; global_colors_info=&#8220;{}&#8220;][et_pb_slide heading=&#8220;Einzigartiger Standort&#8220; _builder_version=&#8220;4.20.0&#8243; _module_preset=&#8220;default&#8220; background_image=&#8220;https:\/\/camp-sunset-primosten.com\/test\/wp-content\/uploads\/2016\/12\/cropped-D2016Aug15104132DJI07568_1920x1440.jpg&#8220; background_enable_image=&#8220;on&#8220; global_colors_info=&#8220;{}&#8220; sticky_transition=&#8220;on&#8220;]<\/p>\n<p>Privatparadies am Meer<\/p>\n<p>[\/et_pb_slide][et_pb_slide heading=&#8220;Atemberaubender Sonnenuntergang&#8220; _builder_version=&#8220;4.20.0&#8243; _module_preset=&#8220;default&#8220; background_image=&#8220;https:\/\/camp-sunset-primosten.com\/test\/wp-content\/uploads\/2016\/12\/g11_1920x1440.jpg&#8220; background_enable_image=&#8220;on&#8220; header_font_size_tablet=&#8220;&#8220; header_font_size_phone=&#8220;&#8220; header_font_size_last_edited=&#8220;on|phone&#8220; global_colors_info=&#8220;{}&#8220; sticky_transition=&#8220;on&#8220;]<\/p>\n<p>Einzigartiger Standort<\/p>\n<p>[\/et_pb_slide][et_pb_slide heading=&#8220;Bereit, die Reise anzutreten?&#8220; _builder_version=&#8220;4.20.0&#8243; _module_preset=&#8220;default&#8220; background_image=&#8220;https:\/\/camp-sunset-primosten.com\/test\/wp-content\/uploads\/2016\/12\/g08_1920x1080.jpg&#8220; background_enable_image=&#8220;on&#8220; background_position=&#8220;bottom_center&#8220; header_font_size_tablet=&#8220;&#8220; header_font_size_phone=&#8220;&#8220; header_font_size_last_edited=&#8220;on|phone&#8220; global_colors_info=&#8220;{}&#8220; sticky_transition=&#8220;on&#8220;]<\/p>\n<p>www.camp-sunset-primosten.com<\/p>\n<p>[\/et_pb_slide][\/et_pb_fullwidth_slider][\/et_pb_section][et_pb_section fb_built=&#8220;1&#8243; _builder_version=&#8220;4.20.0&#8243; _module_preset=&#8220;default&#8220; background_color=&#8220;#f4f4de&#8220; custom_padding=&#8220;22px||19px|||&#8220; global_colors_info=&#8220;{}&#8220;][et_pb_row _builder_version=&#8220;4.20.0&#8243; _module_preset=&#8220;default&#8220; custom_padding=&#8220;14px|||||&#8220; global_colors_info=&#8220;{}&#8220;][et_pb_column type=&#8220;4_4&#8243; _builder_version=&#8220;4.20.0&#8243; _module_preset=&#8220;default&#8220; global_colors_info=&#8220;{}&#8220;][et_pb_text _builder_version=&#8220;4.20.0&#8243; _module_preset=&#8220;default&#8220; text_font_size=&#8220;15px&#8220; header_font=&#8220;Aguafina Script||||||||&#8220; header_font_size=&#8220;37px&#8220; header_letter_spacing=&#8220;1px&#8220; header_line_height=&#8220;1.3em&#8220; header_2_font=&#8220;Aguafina Script||||||||&#8220; header_2_text_align=&#8220;right&#8220; header_text_align_tablet=&#8220;&#8220; header_text_align_phone=&#8220;center&#8220; header_text_align_last_edited=&#8220;on|phone&#8220; global_colors_info=&#8220;{}&#8220;]<\/p>\n<h1>Die Geschichte des Campingplatzes Sunset Primo\u0161ten<\/h1>\n<p>Dieses Paradies im Privateigentum ist unser Wochenende-Resort, wo wir die Natur, das Meer, den Duft der autochthonen Pflanzen und B\u00e4ume sowie die Stille genie\u00dfen und beobachten, wie die Sonne ins Meer untergeht. Anfang 2016. haben wir entschlossen, diese Sch\u00f6nheit und dieses Erlebnis mit anderen zu teilen, und so haben wir den Campingplatz errichtet.<\/p>\n<p>Wir wollten so viel wie m\u00f6glich intakte Natur bewahren und haben nur die n\u00f6tigen Konstruktionsarbeiten gemacht. Deswegen hat dieser Campingplatz nur 7 Stellpl\u00e4tze, was alle unsere G\u00e4ste als den gr\u00f6\u00dften Vorteil empfinden. Der Campingplatz ist am Meer gelegen und die G\u00e4ste k\u00f6nnen den Strand und Meerzugang genie\u00dfen. Unter dem Campingplatz ist ein steiniger Gehweg nach Primo\u0161ten, wo die Wanderer, Radfahrer oder Jogger nach Lust ihren Lieblingsaktivit\u00e4ten nachgehen k\u00f6nnen.<\/p>\n<p>Jeder Stellplatz ist mit einem Stromanschluss ausgestattet und moderne Sanit\u00e4ranlagen k\u00f6nnen sich die G\u00e4ste teilen. Wi-Fi steht gratis zur Verf\u00fcgung. Nat\u00fcrlich sind Haustiere mehr als willkommen, solange sie die anderen G\u00e4ste nicht st\u00f6ren.<\/p>\n<p>[\/et_pb_text][\/et_pb_column][\/et_pb_row][et_pb_row _builder_version=&#8220;4.20.0&#8243; _module_preset=&#8220;default&#8220; width=&#8220;100%&#8220; custom_padding=&#8220;0px|||||&#8220; global_colors_info=&#8220;{}&#8220;][et_pb_column type=&#8220;4_4&#8243; _builder_version=&#8220;4.20.0&#8243; _module_preset=&#8220;default&#8220; global_colors_info=&#8220;{}&#8220;][et_pb_image src=&#8220;https:\/\/camp-sunset-primosten.com\/test\/wp-content\/uploads\/2016\/12\/cropped-D2016Aug15104132DJI07568_1920x1440.jpg&#8220; title_text=&#8220;cropped-D2016Aug15104132DJI07568_1920x1440.jpg&#8220; _builder_version=&#8220;4.20.0&#8243; _module_preset=&#8220;default&#8220; box_shadow_style=&#8220;preset1&#8243; global_colors_info=&#8220;{}&#8220;][\/et_pb_image][\/et_pb_column][\/et_pb_row][et_pb_row _builder_version=&#8220;4.20.0&#8243; _module_preset=&#8220;default&#8220; custom_padding=&#8220;14px||0px|||&#8220; global_colors_info=&#8220;{}&#8220;][et_pb_column type=&#8220;4_4&#8243; _builder_version=&#8220;4.20.0&#8243; _module_preset=&#8220;default&#8220; global_colors_info=&#8220;{}&#8220;][et_pb_text _builder_version=&#8220;4.20.0&#8243; _module_preset=&#8220;default&#8220; text_font_size=&#8220;15px&#8220; header_font=&#8220;Aguafina Script||||||||&#8220; header_font_size=&#8220;37px&#8220; header_letter_spacing=&#8220;1px&#8220; header_2_font=&#8220;Aguafina Script||||||||&#8220; header_2_text_align=&#8220;right&#8220; custom_margin=&#8220;||8px|||&#8220; global_colors_info=&#8220;{}&#8220;]<\/p>\n<p>.  <\/p>\n<p>[\/et_pb_text][et_pb_toggle title=&#8220;Mehr&#8220; open_toggle_background_color=&#8220;RGBA(255,255,255,0)&#8220; closed_toggle_text_color=&#8220;rgba(84,84,84,0.8)&#8220; closed_toggle_background_color=&#8220;RGBA(255,255,255,0)&#8220; icon_color=&#8220;rgba(12,113,195,0.41)&#8220; toggle_icon=&#8220;&#x33;||divi||400&#8243; use_icon_font_size=&#8220;on&#8220; icon_font_size=&#8220;40px&#8220; _builder_version=&#8220;4.20.0&#8243; _module_preset=&#8220;default&#8220; title_text_align=&#8220;right&#8220; closed_title_font_size=&#8220;18px&#8220; custom_margin=&#8220;|-18px|-11px|-22px|false|false&#8220; border_width_all=&#8220;0px&#8220; global_colors_info=&#8220;{}&#8220;]<\/p>\n<p>Zu Fu\u00df sind einige reizende Str\u00e4nde (gro\u00dfartig f\u00fcr Kinder), Caf\u00e9s und Restaurants erreichbar, die breite Palette der lokalen Speisen und traditionellen dalmatinischen Spezialit\u00e4ten anbieten.<\/p>\n<p>Die wundersch\u00f6ne traditionelle dalmatinische Kleinstadt Primo\u0161ten ist nur 4 km entfernt und ist mit dem Auto, aber auch zu Fu\u00df erreichbar. Primo\u0161ten ist bekannt f\u00fcr seine wundersch\u00f6nen Str\u00e4nde, die nie \u00fcberf\u00fcllt und geeignet f\u00fcr Kinder sind. In Primo\u0161ten sind zahlreiche traditionelle Restaurants, Bars, Eisdielen, aber auch Sportpl\u00e4tze, Tennispl\u00e4tze, Verleih der Wassersportger\u00e4te usw.  <\/p>\n<p>Die historische Stadt \u0160ibenik ist nur 20 km entfernt, Split etwas weiter, 60 km, und der Spliter Flughafen 35 km.<\/p>\n<p>Naturliebhaber k\u00f6nnen auch auf ihre Kosten kommen, denn in der N\u00e4he befinden sich drei Nationalparks: Krka, Kornati und Paklenica.<\/p>\n<p>Egal, ob Sie Frischverliebte, reifes Liebespaar, die besten Freunde, Alleinreisende oder eine gl\u00fcckliche Familie sind, der Campingplatz Sunset ist ideales Reiseziel f\u00fcr Ihren Urlaub.<\/p>\n<p>Und wir machen unser Bestes, damit Ihre Tr\u00e4ume wahr werden.<\/p>\n<p>[\/et_pb_toggle][et_pb_text _builder_version=&#8220;4.20.0&#8243; _module_preset=&#8220;default&#8220; text_font_size=&#8220;15px&#8220; header_font=&#8220;Aguafina Script||||||||&#8220; header_text_align=&#8220;center&#8220; header_font_size=&#8220;37px&#8220; header_letter_spacing=&#8220;1px&#8220; header_2_font=&#8220;Aguafina Script||||||||&#8220; header_2_text_align=&#8220;center&#8220; header_2_font_size=&#8220;29px&#8220; header_2_letter_spacing=&#8220;1px&#8220; global_colors_info=&#8220;{}&#8220;]<\/p>\n<p>&nbsp;<\/p>\n<h2>Bis bald!<\/h2>\n<p>[\/et_pb_text][\/et_pb_column][\/et_pb_row][\/et_pb_section][et_pb_section fb_built=&#8220;1&#8243; prev_background_color=&#8220;#f4f4de&#8220; _builder_version=&#8220;4.20.0&#8243; _module_preset=&#8220;default&#8220; use_background_color_gradient=&#8220;on&#8220; background_color_gradient_stops=&#8220;rgba(43,135,218,0.44) 0%|#002b49 100%&#8220; background_color_gradient_overlays_image=&#8220;on&#8220; background_image=&#8220;https:\/\/camp-sunset-primosten.com\/test\/wp-content\/uploads\/2016\/11\/sunglasses_1920x1276.jpg&#8220; top_divider_style=&#8220;wave2&#8243; top_divider_height=&#8220;29px&#8220; global_colors_info=&#8220;{}&#8220;][et_pb_row _builder_version=&#8220;4.20.0&#8243; _module_preset=&#8220;default&#8220; global_colors_info=&#8220;{}&#8220;][et_pb_column type=&#8220;4_4&#8243; _builder_version=&#8220;4.20.0&#8243; _module_preset=&#8220;default&#8220; global_colors_info=&#8220;{}&#8220;][et_pb_text _builder_version=&#8220;4.20.0&#8243; _module_preset=&#8220;default&#8220; text_font_size=&#8220;17px&#8220; text_orientation=&#8220;center&#8220; background_layout=&#8220;dark&#8220; text_text_shadow_style=&#8220;preset2&#8243; global_colors_info=&#8220;{}&#8220;]<\/p>\n<p><strong>\u00d6ffnungs- &amp; Schlie\u00dfzeiten<\/strong><\/p>\n<p>Der Campingplatz Sunset Primo\u0161ten ist vom 1. Mai bis zum 15. Oktober offen.<\/p>\n<p>[\/et_pb_text][et_pb_button button_url=&#8220;@ET-DC@eyJkeW5hbWljIjp0cnVlLCJjb250ZW50IjoicG9zdF9saW5rX3VybF9wYWdlIiwic2V0dGluZ3MiOnsicG9zdF9pZCI6IjIxIn19@&#8220; button_text=&#8220;Kontaktieren Sie uns&#8220; button_alignment=&#8220;center&#8220; _builder_version=&#8220;4.20.0&#8243; _dynamic_attributes=&#8220;button_url&#8220; _module_preset=&#8220;default&#8220; custom_button=&#8220;on&#8220; button_text_color=&#8220;#FFFFFF&#8220; button_bg_color=&#8220;#E02B20&#8243; button_text_shadow_style=&#8220;preset3&#8243; button_text_shadow_color=&#8220;#000000&#8243; global_colors_info=&#8220;{}&#8220;][\/et_pb_button][\/et_pb_column][\/et_pb_row][\/et_pb_section][et_pb_section fb_built=&#8220;1&#8243; _builder_version=&#8220;4.20.0&#8243; _module_preset=&#8220;default&#8220; background_color=&#8220;#002b49&#8243; custom_padding=&#8220;19px|||||&#8220; global_colors_info=&#8220;{}&#8220;][et_pb_row _builder_version=&#8220;4.20.0&#8243; _module_preset=&#8220;default&#8220; global_colors_info=&#8220;{}&#8220;][et_pb_column type=&#8220;4_4&#8243; _builder_version=&#8220;4.20.0&#8243; _module_preset=&#8220;default&#8220; global_colors_info=&#8220;{}&#8220;][et_pb_text _builder_version=&#8220;4.20.0&#8243; _module_preset=&#8220;default&#8220; text_font=&#8220;Aguafina Script||||||||&#8220; text_text_color=&#8220;#FFFFFF&#8220; text_font_size=&#8220;50px&#8220; text_letter_spacing=&#8220;1px&#8220; text_orientation=&#8220;center&#8220; text_text_shadow_style=&#8220;preset2&#8243; global_colors_info=&#8220;{}&#8220;]<\/p>\n<p>Zahlen<\/p>\n<p>[\/et_pb_text][\/et_pb_column][\/et_pb_row][et_pb_row column_structure=&#8220;1_4,1_4,1_4,1_4&#8243; _builder_version=&#8220;4.20.0&#8243; _module_preset=&#8220;default&#8220; global_colors_info=&#8220;{}&#8220;][et_pb_column type=&#8220;1_4&#8243; _builder_version=&#8220;4.20.0&#8243; _module_preset=&#8220;default&#8220; global_colors_info=&#8220;{}&#8220;][et_pb_icon font_icon=&#8220;&#xe074;||divi||400&#8243; icon_color=&#8220;#0d9bd8&#8243; _builder_version=&#8220;4.20.0&#8243; _module_preset=&#8220;default&#8220; global_colors_info=&#8220;{}&#8220;][\/et_pb_icon][et_pb_number_counter title=&#8220;Stellpl\u00e4tze&#8220; number=&#8220;7&#8243; percent_sign=&#8220;off&#8220; _builder_version=&#8220;4.20.0&#8243; _module_preset=&#8220;default&#8220; number_text_color=&#8220;#edd500&#8243; background_layout=&#8220;dark&#8220; custom_margin=&#8220;-100px||||false|false&#8220; number_text_shadow_style=&#8220;preset2&#8243; global_colors_info=&#8220;{}&#8220;][\/et_pb_number_counter][\/et_pb_column][et_pb_column type=&#8220;1_4&#8243; _builder_version=&#8220;4.20.0&#8243; _module_preset=&#8220;default&#8220; global_colors_info=&#8220;{}&#8220;][et_pb_icon font_icon=&#8220;&#xf185;||fa||900&#8243; icon_color=&#8220;#0d9bd8&#8243; _builder_version=&#8220;4.20.0&#8243; _module_preset=&#8220;default&#8220; global_colors_info=&#8220;{}&#8220;][\/et_pb_icon][et_pb_number_counter title=&#8220;Sonnenstunden pro Jahr&#8220; number=&#8220;2700&#8243; percent_sign=&#8220;off&#8220; _builder_version=&#8220;4.20.0&#8243; _module_preset=&#8220;default&#8220; number_text_color=&#8220;#edd500&#8243; background_layout=&#8220;dark&#8220; custom_margin=&#8220;-100px||||false|false&#8220; number_text_shadow_style=&#8220;preset2&#8243; global_colors_info=&#8220;{}&#8220;][\/et_pb_number_counter][\/et_pb_column][et_pb_column type=&#8220;1_4&#8243; _builder_version=&#8220;4.20.0&#8243; _module_preset=&#8220;default&#8220; global_colors_info=&#8220;{}&#8220;][et_pb_icon font_icon=&#8220;&#xf2c9;||fa||900&#8243; icon_color=&#8220;#0d9bd8&#8243; _builder_version=&#8220;4.20.0&#8243; _module_preset=&#8220;default&#8220; global_colors_info=&#8220;{}&#8220;][\/et_pb_icon][et_pb_number_counter title=&#8220;Durchschnittstemperatur im Juli\/August  &#8220; number=&#8220;28&#8243; percent_sign=&#8220;off&#8220; _builder_version=&#8220;4.20.0&#8243; _module_preset=&#8220;default&#8220; number_text_color=&#8220;#edd500&#8243; background_layout=&#8220;dark&#8220; custom_margin=&#8220;-100px||||false|false&#8220; number_text_shadow_style=&#8220;preset2&#8243; global_colors_info=&#8220;{}&#8220;][\/et_pb_number_counter][\/et_pb_column][et_pb_column type=&#8220;1_4&#8243; _builder_version=&#8220;4.20.0&#8243; _module_preset=&#8220;default&#8220; global_colors_info=&#8220;{}&#8220;][et_pb_icon font_icon=&#8220;&#xf773;||fa||900&#8243; icon_color=&#8220;#0d9bd8&#8243; _builder_version=&#8220;4.20.0&#8243; _module_preset=&#8220;default&#8220; global_colors_info=&#8220;{}&#8220;][\/et_pb_icon][et_pb_number_counter title=&#8220;Durchschnittliche Meerestemperatur im Juli\/August  &#8220; number=&#8220;23&#8243; percent_sign=&#8220;off&#8220; _builder_version=&#8220;4.20.0&#8243; _module_preset=&#8220;default&#8220; number_text_color=&#8220;#edd500&#8243; background_layout=&#8220;dark&#8220; custom_margin=&#8220;-100px||||false|false&#8220; number_text_shadow_style=&#8220;preset2&#8243; global_colors_info=&#8220;{}&#8220;][\/et_pb_number_counter][\/et_pb_column][\/et_pb_row][\/et_pb_section][et_pb_section fb_built=&#8220;1&#8243; _builder_version=&#8220;4.20.0&#8243; _module_preset=&#8220;default&#8220; background_image=&#8220;https:\/\/camp-sunset-primosten.com\/test\/wp-content\/uploads\/2016\/12\/g06_1920x1080.jpg&#8220; parallax=&#8220;on&#8220; global_colors_info=&#8220;{}&#8220;][et_pb_row _builder_version=&#8220;4.20.0&#8243; _module_preset=&#8220;default&#8220; width=&#8220;100%&#8220; global_colors_info=&#8220;{}&#8220;][et_pb_column type=&#8220;4_4&#8243; _builder_version=&#8220;4.20.0&#8243; _module_preset=&#8220;default&#8220; global_colors_info=&#8220;{}&#8220;][et_pb_text _builder_version=&#8220;4.20.0&#8243; _module_preset=&#8220;default&#8220; text_font=&#8220;|700|||||||&#8220; text_text_color=&#8220;#FFFFFF&#8220; text_font_size=&#8220;29px&#8220; text_orientation=&#8220;center&#8220; text_font_size_tablet=&#8220;29px&#8220; text_font_size_phone=&#8220;20px&#8220; text_font_size_last_edited=&#8220;on|phone&#8220; text_text_shadow_style=&#8220;preset1&#8243; text_text_shadow_color=&#8220;#000000&#8243; global_colors_info=&#8220;{}&#8220;]<\/p>\n<p>www.camp-sunset-primosten.com<\/p>\n<p>[\/et_pb_text][\/et_pb_column][\/et_pb_row][\/et_pb_section]<\/p>\n","protected":false},"excerpt":{"rendered":"<p>Privatparadies am MeerEinzigartiger Standortwww.camp-sunset-primosten.comDie Geschichte des Campingplatzes Sunset Primo\u0161ten Dieses Paradies im Privateigentum ist unser Wochenende-Resort, wo wir die Natur, das Meer, den Duft der autochthonen Pflanzen und B\u00e4ume sowie die Stille genie\u00dfen und beobachten, wie die Sonne ins Meer untergeht. Anfang 2016. haben wir entschlossen, diese Sch\u00f6nheit und dieses Erlebnis mit anderen zu teilen, [&hellip;]<\/p>\n","protected":false},"author":2,"featured_media":0,"parent":0,"menu_order":0,"comment_status":"closed","ping_status":"closed","template":"","meta":{"_et_pb_use_builder":"on","_et_pb_old_content":"","_et_gb_content_width":"","footnotes":""},"class_list":["post-675","page","type-page","status-publish","hentry"],"yoast_head":"<!-- This site is optimized with the Yoast SEO plugin v27.5 - https:\/\/yoast.com\/product\/yoast-seo-wordpress\/ -->\n<title>Home - Camp Sunset Primo\u0161ten<\/title>\n<meta name=\"robots\" content=\"index, follow, max-snippet:-1, max-image-preview:large, max-video-preview:-1\" \/>\n<link rel=\"canonical\" href=\"https:\/\/camp-sunset-primosten.com\/de\/\" \/>\n<meta property=\"og:locale\" content=\"de_DE\" \/>\n<meta property=\"og:type\" content=\"article\" \/>\n<meta property=\"og:title\" content=\"Home - Camp Sunset Primo\u0161ten\" \/>\n<meta property=\"og:description\" content=\"Privatparadies am MeerEinzigartiger Standortwww.camp-sunset-primosten.comDie Geschichte des Campingplatzes Sunset Primo\u0161ten Dieses Paradies im Privateigentum ist unser Wochenende-Resort, wo wir die Natur, das Meer, den Duft der autochthonen Pflanzen und B\u00e4ume sowie die Stille genie\u00dfen und beobachten, wie die Sonne ins Meer untergeht. Anfang 2016. haben wir entschlossen, diese Sch\u00f6nheit und dieses Erlebnis mit anderen zu teilen, [&hellip;]\" \/>\n<meta property=\"og:url\" content=\"https:\/\/camp-sunset-primosten.com\/de\/\" \/>\n<meta property=\"og:site_name\" content=\"Camp Sunset Primo\u0161ten\" \/>\n<meta property=\"article:publisher\" content=\"https:\/\/www.facebook.com\/profile.php?id=100042840891388&amp;fref=ts\" \/>\n<meta property=\"article:modified_time\" content=\"2026-05-05T11:14:29+00:00\" \/>\n<meta name=\"twitter:card\" content=\"summary_large_image\" \/>\n<meta name=\"twitter:label1\" content=\"Gesch\u00e4tzte Lesezeit\" \/>\n\t<meta name=\"twitter:data1\" content=\"9\u00a0Minuten\" \/>\n<script type=\"application\/ld+json\" class=\"yoast-schema-graph\">{\"@context\":\"https:\\\/\\\/schema.org\",\"@graph\":[{\"@type\":\"WebPage\",\"@id\":\"https:\\\/\\\/camp-sunset-primosten.com\\\/de\\\/\",\"url\":\"https:\\\/\\\/camp-sunset-primosten.com\\\/de\\\/\",\"name\":\"Home - Camp Sunset Primo\u0161ten\",\"isPartOf\":{\"@id\":\"https:\\\/\\\/camp-sunset-primosten.com\\\/#website\"},\"datePublished\":\"2016-11-21T11:57:18+00:00\",\"dateModified\":\"2026-05-05T11:14:29+00:00\",\"breadcrumb\":{\"@id\":\"https:\\\/\\\/camp-sunset-primosten.com\\\/de\\\/#breadcrumb\"},\"inLanguage\":\"de\",\"potentialAction\":[{\"@type\":\"ReadAction\",\"target\":[\"https:\\\/\\\/camp-sunset-primosten.com\\\/de\\\/\"]}]},{\"@type\":\"BreadcrumbList\",\"@id\":\"https:\\\/\\\/camp-sunset-primosten.com\\\/de\\\/#breadcrumb\",\"itemListElement\":[{\"@type\":\"ListItem\",\"position\":1,\"name\":\"Startseite\",\"item\":\"https:\\\/\\\/camp-sunset-primosten.com\\\/de\\\/\"},{\"@type\":\"ListItem\",\"position\":2,\"name\":\"Home\"}]},{\"@type\":\"WebSite\",\"@id\":\"https:\\\/\\\/camp-sunset-primosten.com\\\/#website\",\"url\":\"https:\\\/\\\/camp-sunset-primosten.com\\\/\",\"name\":\"Camp Sunset Primo\u0161ten\",\"description\":\"Small, intimate and lovely family Camp by the sea, close to Primosten, Croatia.\",\"publisher\":{\"@id\":\"https:\\\/\\\/camp-sunset-primosten.com\\\/#organization\"},\"potentialAction\":[{\"@type\":\"SearchAction\",\"target\":{\"@type\":\"EntryPoint\",\"urlTemplate\":\"https:\\\/\\\/camp-sunset-primosten.com\\\/?s={search_term_string}\"},\"query-input\":{\"@type\":\"PropertyValueSpecification\",\"valueRequired\":true,\"valueName\":\"search_term_string\"}}],\"inLanguage\":\"de\"},{\"@type\":\"Organization\",\"@id\":\"https:\\\/\\\/camp-sunset-primosten.com\\\/#organization\",\"name\":\"Camp Sunset\",\"url\":\"https:\\\/\\\/camp-sunset-primosten.com\\\/\",\"logo\":{\"@type\":\"ImageObject\",\"inLanguage\":\"de\",\"@id\":\"https:\\\/\\\/camp-sunset-primosten.com\\\/#\\\/schema\\\/logo\\\/image\\\/\",\"url\":\"https:\\\/\\\/camp-sunset-primosten.com\\\/test\\\/wp-content\\\/uploads\\\/2016\\\/11\\\/Logo_221x150.jpg\",\"contentUrl\":\"https:\\\/\\\/camp-sunset-primosten.com\\\/test\\\/wp-content\\\/uploads\\\/2016\\\/11\\\/Logo_221x150.jpg\",\"width\":221,\"height\":150,\"caption\":\"Camp Sunset\"},\"image\":{\"@id\":\"https:\\\/\\\/camp-sunset-primosten.com\\\/#\\\/schema\\\/logo\\\/image\\\/\"},\"sameAs\":[\"https:\\\/\\\/www.facebook.com\\\/profile.php?id=100042840891388&fref=ts\"]}]}<\/script>\n<!-- \/ Yoast SEO plugin. -->","yoast_head_json":{"title":"Home - Camp Sunset Primo\u0161ten","robots":{"index":"index","follow":"follow","max-snippet":"max-snippet:-1","max-image-preview":"max-image-preview:large","max-video-preview":"max-video-preview:-1"},"canonical":"https:\/\/camp-sunset-primosten.com\/de\/","og_locale":"de_DE","og_type":"article","og_title":"Home - Camp Sunset Primo\u0161ten","og_description":"Privatparadies am MeerEinzigartiger Standortwww.camp-sunset-primosten.comDie Geschichte des Campingplatzes Sunset Primo\u0161ten Dieses Paradies im Privateigentum ist unser Wochenende-Resort, wo wir die Natur, das Meer, den Duft der autochthonen Pflanzen und B\u00e4ume sowie die Stille genie\u00dfen und beobachten, wie die Sonne ins Meer untergeht. Anfang 2016. haben wir entschlossen, diese Sch\u00f6nheit und dieses Erlebnis mit anderen zu teilen, [&hellip;]","og_url":"https:\/\/camp-sunset-primosten.com\/de\/","og_site_name":"Camp Sunset Primo\u0161ten","article_publisher":"https:\/\/www.facebook.com\/profile.php?id=100042840891388&fref=ts","article_modified_time":"2026-05-05T11:14:29+00:00","twitter_card":"summary_large_image","twitter_misc":{"Gesch\u00e4tzte Lesezeit":"9\u00a0Minuten"},"schema":{"@context":"https:\/\/schema.org","@graph":[{"@type":"WebPage","@id":"https:\/\/camp-sunset-primosten.com\/de\/","url":"https:\/\/camp-sunset-primosten.com\/de\/","name":"Home - Camp Sunset Primo\u0161ten","isPartOf":{"@id":"https:\/\/camp-sunset-primosten.com\/#website"},"datePublished":"2016-11-21T11:57:18+00:00","dateModified":"2026-05-05T11:14:29+00:00","breadcrumb":{"@id":"https:\/\/camp-sunset-primosten.com\/de\/#breadcrumb"},"inLanguage":"de","potentialAction":[{"@type":"ReadAction","target":["https:\/\/camp-sunset-primosten.com\/de\/"]}]},{"@type":"BreadcrumbList","@id":"https:\/\/camp-sunset-primosten.com\/de\/#breadcrumb","itemListElement":[{"@type":"ListItem","position":1,"name":"Startseite","item":"https:\/\/camp-sunset-primosten.com\/de\/"},{"@type":"ListItem","position":2,"name":"Home"}]},{"@type":"WebSite","@id":"https:\/\/camp-sunset-primosten.com\/#website","url":"https:\/\/camp-sunset-primosten.com\/","name":"Camp Sunset Primo\u0161ten","description":"Small, intimate and lovely family Camp by the sea, close to Primosten, Croatia.","publisher":{"@id":"https:\/\/camp-sunset-primosten.com\/#organization"},"potentialAction":[{"@type":"SearchAction","target":{"@type":"EntryPoint","urlTemplate":"https:\/\/camp-sunset-primosten.com\/?s={search_term_string}"},"query-input":{"@type":"PropertyValueSpecification","valueRequired":true,"valueName":"search_term_string"}}],"inLanguage":"de"},{"@type":"Organization","@id":"https:\/\/camp-sunset-primosten.com\/#organization","name":"Camp Sunset","url":"https:\/\/camp-sunset-primosten.com\/","logo":{"@type":"ImageObject","inLanguage":"de","@id":"https:\/\/camp-sunset-primosten.com\/#\/schema\/logo\/image\/","url":"https:\/\/camp-sunset-primosten.com\/test\/wp-content\/uploads\/2016\/11\/Logo_221x150.jpg","contentUrl":"https:\/\/camp-sunset-primosten.com\/test\/wp-content\/uploads\/2016\/11\/Logo_221x150.jpg","width":221,"height":150,"caption":"Camp Sunset"},"image":{"@id":"https:\/\/camp-sunset-primosten.com\/#\/schema\/logo\/image\/"},"sameAs":["https:\/\/www.facebook.com\/profile.php?id=100042840891388&fref=ts"]}]}},"_links":{"self":[{"href":"https:\/\/camp-sunset-primosten.com\/de\/wp-json\/wp\/v2\/pages\/675","targetHints":{"allow":["GET"]}}],"collection":[{"href":"https:\/\/camp-sunset-primosten.com\/de\/wp-json\/wp\/v2\/pages"}],"about":[{"href":"https:\/\/camp-sunset-primosten.com\/de\/wp-json\/wp\/v2\/types\/page"}],"author":[{"embeddable":true,"href":"https:\/\/camp-sunset-primosten.com\/de\/wp-json\/wp\/v2\/users\/2"}],"replies":[{"embeddable":true,"href":"https:\/\/camp-sunset-primosten.com\/de\/wp-json\/wp\/v2\/comments?post=675"}],"version-history":[{"count":6,"href":"https:\/\/camp-sunset-primosten.com\/de\/wp-json\/wp\/v2\/pages\/675\/revisions"}],"predecessor-version":[{"id":704,"href":"https:\/\/camp-sunset-primosten.com\/de\/wp-json\/wp\/v2\/pages\/675\/revisions\/704"}],"wp:attachment":[{"href":"https:\/\/camp-sunset-primosten.com\/de\/wp-json\/wp\/v2\/media?parent=675"}],"curies":[{"name":"wp","href":"https:\/\/api.w.org\/{rel}","templated":true}]}}