{"id":681,"date":"2016-11-21T13:01:09","date_gmt":"2016-11-21T12:01:09","guid":{"rendered":"https:\/\/camp-sunset-primosten.com\/kontakt\/"},"modified":"2023-04-20T11:53:53","modified_gmt":"2023-04-20T10:53:53","slug":"kontakt","status":"publish","type":"page","link":"https:\/\/camp-sunset-primosten.com\/de\/kontakt\/","title":{"rendered":"Kontakt"},"content":{"rendered":"<p>[et_pb_section fb_built=&#8220;1&#8243; fullwidth=&#8220;on&#8220; _builder_version=&#8220;4.20.0&#8243; _module_preset=&#8220;default&#8220; bottom_divider_style=&#8220;wave2&#8243; bottom_divider_color=&#8220;#f4f4de&#8220; bottom_divider_height=&#8220;32px&#8220; global_colors_info=&#8220;{}&#8220;][et_pb_fullwidth_header title=&#8220;Kontakt&#8220; _builder_version=&#8220;4.20.0&#8243; _module_preset=&#8220;default&#8220; title_font=&#8220;Aguafina Script||||||||&#8220; title_font_size=&#8220;54px&#8220; background_image=&#8220;https:\/\/camp-sunset-primosten.com\/test\/wp-content\/uploads\/2016\/12\/g18_1920x1080.jpg&#8220; title_text_shadow_style=&#8220;preset2&#8243; global_colors_info=&#8220;{}&#8220;][\/et_pb_fullwidth_header][\/et_pb_section][et_pb_section fb_built=&#8220;1&#8243; admin_label=&#8220;section&#8220; _builder_version=&#8220;4.20.0&#8243; background_color=&#8220;#f4f4de&#8220; global_colors_info=&#8220;{}&#8220;][et_pb_row column_structure=&#8220;1_2,1_2&#8243; admin_label=&#8220;row&#8220; _builder_version=&#8220;4.16&#8243; background_size=&#8220;initial&#8220; background_position=&#8220;top_left&#8220; background_repeat=&#8220;repeat&#8220; global_colors_info=&#8220;{}&#8220;][et_pb_column type=&#8220;1_2&#8243; _builder_version=&#8220;4.16&#8243; custom_padding=&#8220;|||&#8220; global_colors_info=&#8220;{}&#8220; custom_padding__hover=&#8220;|||&#8220;][et_pb_text admin_label=&#8220;Text&#8220; _builder_version=&#8220;4.20.0&#8243; text_font_size=&#8220;17px&#8220; background_size=&#8220;initial&#8220; background_position=&#8220;top_left&#8220; background_repeat=&#8220;repeat&#8220; global_colors_info=&#8220;{}&#8220;]<\/p>\n<p><strong>\u00d6ffnungs- &amp; Schlie\u00dfzeiten<\/strong><\/p>\n<p>Liebe G\u00e4ste<\/p>\n<p>Der Campingplatz Sunset Primo\u0161ten ist vom 1. Mai bis zum 15. Oktober offen.<\/p>\n<p><strong>+385 98 266 220<\/strong><\/p>\n<p><strong><a href=\"mailto:sunset.primosten@gmail.com\">sunset.primosten@gmail.com<\/a><\/strong><\/p>\n<p>[\/et_pb_text][\/et_pb_column][et_pb_column type=&#8220;1_2&#8243; _builder_version=&#8220;4.16&#8243; custom_padding=&#8220;|||&#8220; global_colors_info=&#8220;{}&#8220; custom_padding__hover=&#8220;|||&#8220;][et_pb_text _builder_version=&#8220;4.20.0&#8243; _module_preset=&#8220;default&#8220; text_font=&#8220;Aguafina Script||||||||&#8220; text_font_size=&#8220;37px&#8220; custom_margin=&#8220;||9px|||&#8220; global_colors_info=&#8220;{}&#8220;]<\/p>\n<p>Kontaktformular<\/p>\n<p>[\/et_pb_text][et_pb_contact_form captcha=&#8220;off&#8220; email=&#8220;sunset.primosten@gmail.com&#8220; _builder_version=&#8220;4.20.0&#8243; _module_preset=&#8220;default&#8220; _unique_id=&#8220;dcca3c43-ac5f-45ef-8db9-4800cc6de23f&#8220; custom_button=&#8220;on&#8220; button_text_size=&#8220;16px&#8220; box_shadow_style=&#8220;preset1&#8243; box_shadow_style_button=&#8220;preset1&#8243; global_colors_info=&#8220;{}&#8220;][et_pb_contact_field field_id=&#8220;Name&#8220; field_title=&#8220;Ihr Name&#8220; _builder_version=&#8220;4.16&#8243; global_colors_info=&#8220;{}&#8220; button_text_size__hover_enabled=&#8220;off&#8220; button_one_text_size__hover_enabled=&#8220;off&#8220; button_two_text_size__hover_enabled=&#8220;off&#8220; button_text_color__hover_enabled=&#8220;off&#8220; button_one_text_color__hover_enabled=&#8220;off&#8220; button_two_text_color__hover_enabled=&#8220;off&#8220; button_border_width__hover_enabled=&#8220;off&#8220; button_one_border_width__hover_enabled=&#8220;off&#8220; button_two_border_width__hover_enabled=&#8220;off&#8220; button_border_color__hover_enabled=&#8220;off&#8220; button_one_border_color__hover_enabled=&#8220;off&#8220; button_two_border_color__hover_enabled=&#8220;off&#8220; button_border_radius__hover_enabled=&#8220;off&#8220; button_one_border_radius__hover_enabled=&#8220;off&#8220; button_two_border_radius__hover_enabled=&#8220;off&#8220; button_letter_spacing__hover_enabled=&#8220;off&#8220; button_one_letter_spacing__hover_enabled=&#8220;off&#8220; button_two_letter_spacing__hover_enabled=&#8220;off&#8220; button_bg_color__hover_enabled=&#8220;off&#8220; button_one_bg_color__hover_enabled=&#8220;off&#8220; button_two_bg_color__hover_enabled=&#8220;off&#8220;][\/et_pb_contact_field][et_pb_contact_field field_id=&#8220;Email&#8220; field_title=&#8220;E-Mail Adresse&#8220; field_type=&#8220;email&#8220; _builder_version=&#8220;4.16&#8243; global_colors_info=&#8220;{}&#8220; button_text_size__hover_enabled=&#8220;off&#8220; button_one_text_size__hover_enabled=&#8220;off&#8220; button_two_text_size__hover_enabled=&#8220;off&#8220; button_text_color__hover_enabled=&#8220;off&#8220; button_one_text_color__hover_enabled=&#8220;off&#8220; button_two_text_color__hover_enabled=&#8220;off&#8220; button_border_width__hover_enabled=&#8220;off&#8220; button_one_border_width__hover_enabled=&#8220;off&#8220; button_two_border_width__hover_enabled=&#8220;off&#8220; button_border_color__hover_enabled=&#8220;off&#8220; button_one_border_color__hover_enabled=&#8220;off&#8220; button_two_border_color__hover_enabled=&#8220;off&#8220; button_border_radius__hover_enabled=&#8220;off&#8220; button_one_border_radius__hover_enabled=&#8220;off&#8220; button_two_border_radius__hover_enabled=&#8220;off&#8220; button_letter_spacing__hover_enabled=&#8220;off&#8220; button_one_letter_spacing__hover_enabled=&#8220;off&#8220; button_two_letter_spacing__hover_enabled=&#8220;off&#8220; button_bg_color__hover_enabled=&#8220;off&#8220; button_one_bg_color__hover_enabled=&#8220;off&#8220; button_two_bg_color__hover_enabled=&#8220;off&#8220;][\/et_pb_contact_field][et_pb_contact_field field_id=&#8220;Message&#8220; field_title=&#8220;Nachricht&#8220; field_type=&#8220;text&#8220; fullwidth_field=&#8220;on&#8220; _builder_version=&#8220;4.16&#8243; global_colors_info=&#8220;{}&#8220; button_text_size__hover_enabled=&#8220;off&#8220; button_one_text_size__hover_enabled=&#8220;off&#8220; button_two_text_size__hover_enabled=&#8220;off&#8220; button_text_color__hover_enabled=&#8220;off&#8220; button_one_text_color__hover_enabled=&#8220;off&#8220; button_two_text_color__hover_enabled=&#8220;off&#8220; button_border_width__hover_enabled=&#8220;off&#8220; button_one_border_width__hover_enabled=&#8220;off&#8220; button_two_border_width__hover_enabled=&#8220;off&#8220; button_border_color__hover_enabled=&#8220;off&#8220; button_one_border_color__hover_enabled=&#8220;off&#8220; button_two_border_color__hover_enabled=&#8220;off&#8220; button_border_radius__hover_enabled=&#8220;off&#8220; button_one_border_radius__hover_enabled=&#8220;off&#8220; button_two_border_radius__hover_enabled=&#8220;off&#8220; button_letter_spacing__hover_enabled=&#8220;off&#8220; button_one_letter_spacing__hover_enabled=&#8220;off&#8220; button_two_letter_spacing__hover_enabled=&#8220;off&#8220; button_bg_color__hover_enabled=&#8220;off&#8220; button_one_bg_color__hover_enabled=&#8220;off&#8220; button_two_bg_color__hover_enabled=&#8220;off&#8220;][\/et_pb_contact_field][\/et_pb_contact_form][\/et_pb_column][\/et_pb_row][\/et_pb_section]<\/p>\n","protected":false},"excerpt":{"rendered":"<p>\u00d6ffnungs- &amp; Schlie\u00dfzeiten Liebe G\u00e4ste Der Campingplatz Sunset Primo\u0161ten ist vom 1. Mai bis zum 15. Oktober offen. +385 98 266 220 sunset.primosten@gmail.comKontaktformular<\/p>\n","protected":false},"author":2,"featured_media":0,"parent":0,"menu_order":0,"comment_status":"closed","ping_status":"closed","template":"","meta":{"_et_pb_use_builder":"on","_et_pb_old_content":"","_et_gb_content_width":"","footnotes":""},"class_list":["post-681","page","type-page","status-publish","hentry"],"yoast_head":"<!-- This site is optimized with the Yoast SEO plugin v27.5 - https:\/\/yoast.com\/product\/yoast-seo-wordpress\/ -->\n<title>Kontakt - Camp Sunset Primo\u0161ten<\/title>\n<meta name=\"robots\" content=\"index, follow, max-snippet:-1, max-image-preview:large, max-video-preview:-1\" \/>\n<link rel=\"canonical\" href=\"https:\/\/camp-sunset-primosten.com\/de\/kontakt\/\" \/>\n<meta property=\"og:locale\" content=\"de_DE\" \/>\n<meta property=\"og:type\" content=\"article\" \/>\n<meta property=\"og:title\" content=\"Kontakt - Camp Sunset Primo\u0161ten\" \/>\n<meta property=\"og:description\" content=\"\u00d6ffnungs- &amp; Schlie\u00dfzeiten Liebe G\u00e4ste Der Campingplatz Sunset Primo\u0161ten ist vom 1. Mai bis zum 15. Oktober offen. +385 98 266 220 sunset.primosten@gmail.comKontaktformular\" \/>\n<meta property=\"og:url\" content=\"https:\/\/camp-sunset-primosten.com\/de\/kontakt\/\" \/>\n<meta property=\"og:site_name\" content=\"Camp Sunset Primo\u0161ten\" \/>\n<meta property=\"article:publisher\" content=\"https:\/\/www.facebook.com\/profile.php?id=100042840891388&amp;fref=ts\" \/>\n<meta property=\"article:modified_time\" content=\"2023-04-20T10:53:53+00:00\" \/>\n<meta name=\"twitter:card\" content=\"summary_large_image\" \/>\n<meta name=\"twitter:label1\" content=\"Gesch\u00e4tzte Lesezeit\" \/>\n\t<meta name=\"twitter:data1\" content=\"4\u00a0Minuten\" \/>\n<script type=\"application\/ld+json\" class=\"yoast-schema-graph\">{\"@context\":\"https:\\\/\\\/schema.org\",\"@graph\":[{\"@type\":\"WebPage\",\"@id\":\"https:\\\/\\\/camp-sunset-primosten.com\\\/de\\\/kontakt\\\/\",\"url\":\"https:\\\/\\\/camp-sunset-primosten.com\\\/de\\\/kontakt\\\/\",\"name\":\"Kontakt - Camp Sunset Primo\u0161ten\",\"isPartOf\":{\"@id\":\"https:\\\/\\\/camp-sunset-primosten.com\\\/#website\"},\"datePublished\":\"2016-11-21T12:01:09+00:00\",\"dateModified\":\"2023-04-20T10:53:53+00:00\",\"breadcrumb\":{\"@id\":\"https:\\\/\\\/camp-sunset-primosten.com\\\/de\\\/kontakt\\\/#breadcrumb\"},\"inLanguage\":\"de\",\"potentialAction\":[{\"@type\":\"ReadAction\",\"target\":[\"https:\\\/\\\/camp-sunset-primosten.com\\\/de\\\/kontakt\\\/\"]}]},{\"@type\":\"BreadcrumbList\",\"@id\":\"https:\\\/\\\/camp-sunset-primosten.com\\\/de\\\/kontakt\\\/#breadcrumb\",\"itemListElement\":[{\"@type\":\"ListItem\",\"position\":1,\"name\":\"Startseite\",\"item\":\"https:\\\/\\\/camp-sunset-primosten.com\\\/de\\\/\"},{\"@type\":\"ListItem\",\"position\":2,\"name\":\"Kontakt\"}]},{\"@type\":\"WebSite\",\"@id\":\"https:\\\/\\\/camp-sunset-primosten.com\\\/#website\",\"url\":\"https:\\\/\\\/camp-sunset-primosten.com\\\/\",\"name\":\"Camp Sunset Primo\u0161ten\",\"description\":\"Small, intimate and lovely family Camp by the sea, close to Primosten, Croatia.\",\"publisher\":{\"@id\":\"https:\\\/\\\/camp-sunset-primosten.com\\\/#organization\"},\"potentialAction\":[{\"@type\":\"SearchAction\",\"target\":{\"@type\":\"EntryPoint\",\"urlTemplate\":\"https:\\\/\\\/camp-sunset-primosten.com\\\/?s={search_term_string}\"},\"query-input\":{\"@type\":\"PropertyValueSpecification\",\"valueRequired\":true,\"valueName\":\"search_term_string\"}}],\"inLanguage\":\"de\"},{\"@type\":\"Organization\",\"@id\":\"https:\\\/\\\/camp-sunset-primosten.com\\\/#organization\",\"name\":\"Camp Sunset\",\"url\":\"https:\\\/\\\/camp-sunset-primosten.com\\\/\",\"logo\":{\"@type\":\"ImageObject\",\"inLanguage\":\"de\",\"@id\":\"https:\\\/\\\/camp-sunset-primosten.com\\\/#\\\/schema\\\/logo\\\/image\\\/\",\"url\":\"https:\\\/\\\/camp-sunset-primosten.com\\\/test\\\/wp-content\\\/uploads\\\/2016\\\/11\\\/Logo_221x150.jpg\",\"contentUrl\":\"https:\\\/\\\/camp-sunset-primosten.com\\\/test\\\/wp-content\\\/uploads\\\/2016\\\/11\\\/Logo_221x150.jpg\",\"width\":221,\"height\":150,\"caption\":\"Camp Sunset\"},\"image\":{\"@id\":\"https:\\\/\\\/camp-sunset-primosten.com\\\/#\\\/schema\\\/logo\\\/image\\\/\"},\"sameAs\":[\"https:\\\/\\\/www.facebook.com\\\/profile.php?id=100042840891388&fref=ts\"]}]}<\/script>\n<!-- \/ Yoast SEO plugin. -->","yoast_head_json":{"title":"Kontakt - Camp Sunset Primo\u0161ten","robots":{"index":"index","follow":"follow","max-snippet":"max-snippet:-1","max-image-preview":"max-image-preview:large","max-video-preview":"max-video-preview:-1"},"canonical":"https:\/\/camp-sunset-primosten.com\/de\/kontakt\/","og_locale":"de_DE","og_type":"article","og_title":"Kontakt - Camp Sunset Primo\u0161ten","og_description":"\u00d6ffnungs- &amp; Schlie\u00dfzeiten Liebe G\u00e4ste Der Campingplatz Sunset Primo\u0161ten ist vom 1. Mai bis zum 15. Oktober offen. +385 98 266 220 sunset.primosten@gmail.comKontaktformular","og_url":"https:\/\/camp-sunset-primosten.com\/de\/kontakt\/","og_site_name":"Camp Sunset Primo\u0161ten","article_publisher":"https:\/\/www.facebook.com\/profile.php?id=100042840891388&fref=ts","article_modified_time":"2023-04-20T10:53:53+00:00","twitter_card":"summary_large_image","twitter_misc":{"Gesch\u00e4tzte Lesezeit":"4\u00a0Minuten"},"schema":{"@context":"https:\/\/schema.org","@graph":[{"@type":"WebPage","@id":"https:\/\/camp-sunset-primosten.com\/de\/kontakt\/","url":"https:\/\/camp-sunset-primosten.com\/de\/kontakt\/","name":"Kontakt - Camp Sunset Primo\u0161ten","isPartOf":{"@id":"https:\/\/camp-sunset-primosten.com\/#website"},"datePublished":"2016-11-21T12:01:09+00:00","dateModified":"2023-04-20T10:53:53+00:00","breadcrumb":{"@id":"https:\/\/camp-sunset-primosten.com\/de\/kontakt\/#breadcrumb"},"inLanguage":"de","potentialAction":[{"@type":"ReadAction","target":["https:\/\/camp-sunset-primosten.com\/de\/kontakt\/"]}]},{"@type":"BreadcrumbList","@id":"https:\/\/camp-sunset-primosten.com\/de\/kontakt\/#breadcrumb","itemListElement":[{"@type":"ListItem","position":1,"name":"Startseite","item":"https:\/\/camp-sunset-primosten.com\/de\/"},{"@type":"ListItem","position":2,"name":"Kontakt"}]},{"@type":"WebSite","@id":"https:\/\/camp-sunset-primosten.com\/#website","url":"https:\/\/camp-sunset-primosten.com\/","name":"Camp Sunset Primo\u0161ten","description":"Small, intimate and lovely family Camp by the sea, close to Primosten, Croatia.","publisher":{"@id":"https:\/\/camp-sunset-primosten.com\/#organization"},"potentialAction":[{"@type":"SearchAction","target":{"@type":"EntryPoint","urlTemplate":"https:\/\/camp-sunset-primosten.com\/?s={search_term_string}"},"query-input":{"@type":"PropertyValueSpecification","valueRequired":true,"valueName":"search_term_string"}}],"inLanguage":"de"},{"@type":"Organization","@id":"https:\/\/camp-sunset-primosten.com\/#organization","name":"Camp Sunset","url":"https:\/\/camp-sunset-primosten.com\/","logo":{"@type":"ImageObject","inLanguage":"de","@id":"https:\/\/camp-sunset-primosten.com\/#\/schema\/logo\/image\/","url":"https:\/\/camp-sunset-primosten.com\/test\/wp-content\/uploads\/2016\/11\/Logo_221x150.jpg","contentUrl":"https:\/\/camp-sunset-primosten.com\/test\/wp-content\/uploads\/2016\/11\/Logo_221x150.jpg","width":221,"height":150,"caption":"Camp Sunset"},"image":{"@id":"https:\/\/camp-sunset-primosten.com\/#\/schema\/logo\/image\/"},"sameAs":["https:\/\/www.facebook.com\/profile.php?id=100042840891388&fref=ts"]}]}},"_links":{"self":[{"href":"https:\/\/camp-sunset-primosten.com\/de\/wp-json\/wp\/v2\/pages\/681","targetHints":{"allow":["GET"]}}],"collection":[{"href":"https:\/\/camp-sunset-primosten.com\/de\/wp-json\/wp\/v2\/pages"}],"about":[{"href":"https:\/\/camp-sunset-primosten.com\/de\/wp-json\/wp\/v2\/types\/page"}],"author":[{"embeddable":true,"href":"https:\/\/camp-sunset-primosten.com\/de\/wp-json\/wp\/v2\/users\/2"}],"replies":[{"embeddable":true,"href":"https:\/\/camp-sunset-primosten.com\/de\/wp-json\/wp\/v2\/comments?post=681"}],"version-history":[{"count":2,"href":"https:\/\/camp-sunset-primosten.com\/de\/wp-json\/wp\/v2\/pages\/681\/revisions"}],"predecessor-version":[{"id":683,"href":"https:\/\/camp-sunset-primosten.com\/de\/wp-json\/wp\/v2\/pages\/681\/revisions\/683"}],"wp:attachment":[{"href":"https:\/\/camp-sunset-primosten.com\/de\/wp-json\/wp\/v2\/media?parent=681"}],"curies":[{"name":"wp","href":"https:\/\/api.w.org\/{rel}","templated":true}]}}